{"id":5,"date":"2023-02-11T01:26:02","date_gmt":"2023-02-11T01:26:02","guid":{"rendered":"https:\/\/lcvh.de\/?page_id=5"},"modified":"2023-02-11T01:37:45","modified_gmt":"2023-02-11T01:37:45","slug":"willkommen-auf-https-lcvh-de","status":"publish","type":"page","link":"https:\/\/lcvh.de\/","title":{"rendered":"Herzlich Willkommen"},"content":{"rendered":"\n<p>Dies ist deine Homepage. Sie unterscheidet sich von Beitr\u00e4gen, da sie stets an derselben Stelle bleibt und (bei den meisten Themes) in der Website-Navigation angezeigt wird.<\/p>\n\n\n\n<p>Als angemeldeter WordPress Nutzer kannst du diese Seite \u00fcber den <strong>Seite bearbeiten<\/strong> Link in der Toolbar, anpassen. Du kannst die Seite nutzen um dich bzw. deine Firma deinen m\u00f6glichen Besucher vorzustellen. Dort k\u00f6nnte zum Beispiel stehen:<\/p>\n\n\n\n<p>&#8230;oder so etwas wie das hier:<\/p>\n\n\n\n<p>Solltest du es bevorzugen, die neusten Artikel auf deiner Startseite zu pr\u00e4sentieren, solltest du in deinen <a href=\"https:\/\/lcvh.de\/wp-admin\/options-reading.php\">Einstellungen<\/a> unter \u201eDeine Startseite zeigt\u201c die Option \u201eDeine letzten Beitr\u00e4ge\u201c ausw\u00e4hlen.<\/p>\n\n\n\n<p>Viel Spa\u00df!<\/p>\n","protected":false},"excerpt":{"rendered":"<p>Dies ist deine Homepage. Sie unterscheidet sich von Beitr\u00e4gen, da sie stets an derselben Stelle bleibt und (bei den meisten Themes) in der Website-Navigation angezeigt wird. Als angemeldeter WordPress Nutzer kannst du diese Seite \u00fcber den Seite bearbeiten Link in der Toolbar, anpassen. Du kannst die Seite nutzen um dich bzw. deine Firma deinen m\u00f6glichen Besucher vorzustellen. Dort k\u00f6nnte zum Beispiel stehen: &#8230;oder so etwas wie das hier: Solltest du&hellip;<\/p>\n","protected":false},"author":1,"featured_media":0,"parent":0,"menu_order":0,"comment_status":"closed","ping_status":"open","template":"","meta":[],"_links":{"self":[{"href":"https:\/\/lcvh.de\/index.php?rest_route=\/wp\/v2\/pages\/5"}],"collection":[{"href":"https:\/\/lcvh.de\/index.php?rest_route=\/wp\/v2\/pages"}],"about":[{"href":"https:\/\/lcvh.de\/index.php?rest_route=\/wp\/v2\/types\/page"}],"author":[{"embeddable":true,"href":"https:\/\/lcvh.de\/index.php?rest_route=\/wp\/v2\/users\/1"}],"replies":[{"embeddable":true,"href":"https:\/\/lcvh.de\/index.php?rest_route=%2Fwp%2Fv2%2Fcomments&post=5"}],"version-history":[{"count":1,"href":"https:\/\/lcvh.de\/index.php?rest_route=\/wp\/v2\/pages\/5\/revisions"}],"predecessor-version":[{"id":8,"href":"https:\/\/lcvh.de\/index.php?rest_route=\/wp\/v2\/pages\/5\/revisions\/8"}],"wp:attachment":[{"href":"https:\/\/lcvh.de\/index.php?rest_route=%2Fwp%2Fv2%2Fmedia&parent=5"}],"curies":[{"name":"wp","href":"https:\/\/api.w.org\/{rel}","templated":true}]}}